{"id":9154,"date":"2022-09-12T15:47:01","date_gmt":"2022-09-12T18:47:01","guid":{"rendered":"https:\/\/kendoonline.com.br\/?page_id=9154"},"modified":"2022-10-04T19:26:53","modified_gmt":"2022-10-04T22:26:53","slug":"rj","status":"publish","type":"page","link":"https:\/\/kendoonline.com.br\/index.php\/rj\/","title":{"rendered":"PONTA DE ESTOQUE &#8211; RIO DE JANEIRO"},"content":{"rendered":"\t\t<div data-elementor-type=\"wp-page\" data-elementor-id=\"9154\" class=\"elementor elementor-9154\" data-elementor-post-type=\"page\">\n\t\t\t\t<div class=\"elementor-element elementor-element-a92b2e7 e-flex e-con-boxed e-con e-parent\" data-id=\"a92b2e7\" data-element_type=\"container\">\n\t\t\t\t\t<div class=\"e-con-inner\">\n\t\t\t\t<div class=\"elementor-element elementor-element-fac68e4 elementor-widget elementor-widget-text-editor\" data-id=\"fac68e4\" data-element_type=\"widget\" data-widget_type=\"text-editor.default\">\n\t\t\t\t<div class=\"elementor-widget-container\">\n\t\t\t\t\t\t\t\t\t<p>Materiais de PONTA DE ESTOQUE para entrega exclusivamente no DOJO TIJUCA do Instituto Niten no Rio de Janeiro.<\/p><p>Os produtos linkados abaixo portanto <span style=\"text-decoration: underline;\">n\u00e3o<\/span> possuem taxa de frete!<\/p><p>Os produtos com desconto possuem pequenas manchas\/avarias ou outro tipo de deprecia\u00e7\u00e3o, POR\u00c9M TODOS est\u00e3o em condi\u00e7\u00f5es de uso para os treinos.<\/p>\t\t\t\t\t\t\t\t<\/div>\n\t\t\t\t<\/div>\n\t\t\t\t\t<\/div>\n\t\t\t\t<\/div>\n\t\t<div class=\"elementor-element elementor-element-260bff1 e-flex e-con-boxed e-con e-parent\" data-id=\"260bff1\" data-element_type=\"container\">\n\t\t\t\t\t<div class=\"e-con-inner\">\n\t\t\t\t<div class=\"elementor-element elementor-element-160fb7e elementor-widget elementor-widget-button\" data-id=\"160fb7e\" data-element_type=\"widget\" data-widget_type=\"button.default\">\n\t\t\t\t<div class=\"elementor-widget-container\">\n\t\t\t\t\t\t\t\t\t<div class=\"elementor-button-wrapper\">\n\t\t\t\t\t<a class=\"elementor-button elementor-button-link elementor-size-sm\" href=\"https:\/\/kendoonline.com.br\/index.php\/product\/shinairj\/\">\n\t\t\t\t\t\t<span class=\"elementor-button-content-wrapper\">\n\t\t\t\t\t\t\t\t\t<span class=\"elementor-button-text\">SHINAIS<\/span>\n\t\t\t\t\t<\/span>\n\t\t\t\t\t<\/a>\n\t\t\t\t<\/div>\n\t\t\t\t\t\t\t\t<\/div>\n\t\t\t\t<\/div>\n\t\t\t\t\t<\/div>\n\t\t\t\t<\/div>\n\t\t<div class=\"elementor-element elementor-element-c47821d e-flex e-con-boxed e-con e-parent\" data-id=\"c47821d\" data-element_type=\"container\">\n\t\t\t\t\t<div class=\"e-con-inner\">\n\t\t\t\t<div class=\"elementor-element elementor-element-05bc390 elementor-widget elementor-widget-button\" data-id=\"05bc390\" data-element_type=\"widget\" data-widget_type=\"button.default\">\n\t\t\t\t<div class=\"elementor-widget-container\">\n\t\t\t\t\t\t\t\t\t<div class=\"elementor-button-wrapper\">\n\t\t\t\t\t<a class=\"elementor-button elementor-button-link elementor-size-sm\" href=\"https:\/\/kendoonline.com.br\/index.php\/product\/kimonorj\/\">\n\t\t\t\t\t\t<span class=\"elementor-button-content-wrapper\">\n\t\t\t\t\t\t\t\t\t<span class=\"elementor-button-text\">KIMONOS BRANCOS<\/span>\n\t\t\t\t\t<\/span>\n\t\t\t\t\t<\/a>\n\t\t\t\t<\/div>\n\t\t\t\t\t\t\t\t<\/div>\n\t\t\t\t<\/div>\n\t\t\t\t\t<\/div>\n\t\t\t\t<\/div>\n\t\t<div class=\"elementor-element elementor-element-6e9ed4f e-flex e-con-boxed e-con e-parent\" data-id=\"6e9ed4f\" data-element_type=\"container\">\n\t\t\t\t\t<div class=\"e-con-inner\">\n\t\t\t\t<div class=\"elementor-element elementor-element-8d742b4 elementor-widget elementor-widget-button\" data-id=\"8d742b4\" data-element_type=\"widget\" data-widget_type=\"button.default\">\n\t\t\t\t<div class=\"elementor-widget-container\">\n\t\t\t\t\t\t\t\t\t<div class=\"elementor-button-wrapper\">\n\t\t\t\t\t<a class=\"elementor-button elementor-button-link elementor-size-sm\" href=\"https:\/\/kendoonline.com.br\/index.php\/product\/hakamarj\/\">\n\t\t\t\t\t\t<span class=\"elementor-button-content-wrapper\">\n\t\t\t\t\t\t\t\t\t<span class=\"elementor-button-text\">HAKAMAS<\/span>\n\t\t\t\t\t<\/span>\n\t\t\t\t\t<\/a>\n\t\t\t\t<\/div>\n\t\t\t\t\t\t\t\t<\/div>\n\t\t\t\t<\/div>\n\t\t\t\t\t<\/div>\n\t\t\t\t<\/div>\n\t\t\t\t<\/div>\n\t\t","protected":false},"excerpt":{"rendered":"<p>Materiais de PONTA DE ESTOQUE para entrega exclusivamente no DOJO TIJUCA do Instituto Niten no Rio de Janeiro. Os produtos linkados abaixo portanto n\u00e3o possuem taxa de frete! Os produtos com desconto possuem pequenas manchas\/avarias ou outro tipo de deprecia\u00e7\u00e3o, POR\u00c9M TODOS est\u00e3o em condi\u00e7\u00f5es de uso para os treinos. SHINAIS KIMONOS BRANCOS HAKAMAS<\/p>\n","protected":false},"author":2,"featured_media":0,"parent":0,"menu_order":0,"comment_status":"closed","ping_status":"closed","template":"","meta":{"footnotes":""},"class_list":["post-9154","page","type-page","status-publish","hentry"],"_links":{"self":[{"href":"https:\/\/kendoonline.com.br\/index.php\/wp-json\/wp\/v2\/pages\/9154","targetHints":{"allow":["GET"]}}],"collection":[{"href":"https:\/\/kendoonline.com.br\/index.php\/wp-json\/wp\/v2\/pages"}],"about":[{"href":"https:\/\/kendoonline.com.br\/index.php\/wp-json\/wp\/v2\/types\/page"}],"author":[{"embeddable":true,"href":"https:\/\/kendoonline.com.br\/index.php\/wp-json\/wp\/v2\/users\/2"}],"replies":[{"embeddable":true,"href":"https:\/\/kendoonline.com.br\/index.php\/wp-json\/wp\/v2\/comments?post=9154"}],"version-history":[{"count":19,"href":"https:\/\/kendoonline.com.br\/index.php\/wp-json\/wp\/v2\/pages\/9154\/revisions"}],"predecessor-version":[{"id":9452,"href":"https:\/\/kendoonline.com.br\/index.php\/wp-json\/wp\/v2\/pages\/9154\/revisions\/9452"}],"wp:attachment":[{"href":"https:\/\/kendoonline.com.br\/index.php\/wp-json\/wp\/v2\/media?parent=9154"}],"curies":[{"name":"wp","href":"https:\/\/api.w.org\/{rel}","templated":true}]}}