{"id":337,"date":"2021-09-10T15:48:47","date_gmt":"2021-09-10T18:48:47","guid":{"rendered":"https:\/\/kendoonline.com.br\/?page_id=337"},"modified":"2021-09-11T16:29:41","modified_gmt":"2021-09-11T19:29:41","slug":"formas-de-pagamento","status":"publish","type":"page","link":"https:\/\/kendoonline.com.br\/index.php\/formas-de-pagamento\/","title":{"rendered":"Formas de Pagamento"},"content":{"rendered":"\t\t<div data-elementor-type=\"wp-page\" data-elementor-id=\"337\" class=\"elementor elementor-337\" data-elementor-post-type=\"page\">\n\t\t\t\t\t\t<section class=\"elementor-section elementor-top-section elementor-element elementor-element-444be42 elementor-section-boxed elementor-section-height-default elementor-section-height-default\" data-id=\"444be42\" data-element_type=\"section\">\n\t\t\t\t\t\t<div class=\"elementor-container elementor-column-gap-default\">\n\t\t\t\t\t<div class=\"elementor-column elementor-col-100 elementor-top-column elementor-element elementor-element-dd2358d\" data-id=\"dd2358d\" data-element_type=\"column\">\n\t\t\t<div class=\"elementor-widget-wrap elementor-element-populated\">\n\t\t\t\t\t\t<div class=\"elementor-element elementor-element-c348873 elementor-widget elementor-widget-text-editor\" data-id=\"c348873\" data-element_type=\"widget\" data-widget_type=\"text-editor.default\">\n\t\t\t\t<div class=\"elementor-widget-container\">\n\t\t\t\t\t\t\t\t\t<p>A Kendoonline utiliza a ferramenta PAGSEGURO para todas suas transa\u00e7\u00f5es de pagamento.<\/p>\n<p>As formas de pagamento aceitas s\u00e3o as oferecidaas no Pagseguro, cart\u00e3o de cr\u00e9dito e d\u00e9bito, boleto e transfer\u00eancia<\/p>\n<p>Com op\u00e7\u00f5es de parcelamento.<\/p>\t\t\t\t\t\t\t\t<\/div>\n\t\t\t\t<\/div>\n\t\t\t\t\t<\/div>\n\t\t<\/div>\n\t\t\t\t\t<\/div>\n\t\t<\/section>\n\t\t\t\t<\/div>\n\t\t","protected":false},"excerpt":{"rendered":"<p>A Kendoonline utiliza a ferramenta PAGSEGURO para todas suas transa\u00e7\u00f5es de pagamento. As formas de pagamento aceitas s\u00e3o as oferecidaas no Pagseguro, cart\u00e3o de cr\u00e9dito e d\u00e9bito, boleto e transfer\u00eancia Com op\u00e7\u00f5es de parcelamento.<\/p>\n","protected":false},"author":2,"featured_media":0,"parent":0,"menu_order":0,"comment_status":"closed","ping_status":"closed","template":"","meta":{"footnotes":""},"class_list":["post-337","page","type-page","status-publish","hentry"],"_links":{"self":[{"href":"https:\/\/kendoonline.com.br\/index.php\/wp-json\/wp\/v2\/pages\/337","targetHints":{"allow":["GET"]}}],"collection":[{"href":"https:\/\/kendoonline.com.br\/index.php\/wp-json\/wp\/v2\/pages"}],"about":[{"href":"https:\/\/kendoonline.com.br\/index.php\/wp-json\/wp\/v2\/types\/page"}],"author":[{"embeddable":true,"href":"https:\/\/kendoonline.com.br\/index.php\/wp-json\/wp\/v2\/users\/2"}],"replies":[{"embeddable":true,"href":"https:\/\/kendoonline.com.br\/index.php\/wp-json\/wp\/v2\/comments?post=337"}],"version-history":[{"count":4,"href":"https:\/\/kendoonline.com.br\/index.php\/wp-json\/wp\/v2\/pages\/337\/revisions"}],"predecessor-version":[{"id":553,"href":"https:\/\/kendoonline.com.br\/index.php\/wp-json\/wp\/v2\/pages\/337\/revisions\/553"}],"wp:attachment":[{"href":"https:\/\/kendoonline.com.br\/index.php\/wp-json\/wp\/v2\/media?parent=337"}],"curies":[{"name":"wp","href":"https:\/\/api.w.org\/{rel}","templated":true}]}}