{"id":128,"date":"2021-09-09T10:38:05","date_gmt":"2021-09-09T13:38:05","guid":{"rendered":"https:\/\/kendoonline.com.br\/?page_id=128"},"modified":"2023-10-13T16:43:15","modified_gmt":"2023-10-13T19:43:15","slug":"sobre-nos","status":"publish","type":"page","link":"https:\/\/kendoonline.com.br\/index.php\/sobre-nos\/","title":{"rendered":"Sobre n\u00f3s"},"content":{"rendered":"\t\t<div data-elementor-type=\"wp-page\" data-elementor-id=\"128\" class=\"elementor elementor-128\" data-elementor-post-type=\"page\">\n\t\t\t\t\t\t<section class=\"elementor-section elementor-top-section elementor-element elementor-element-4bf80be elementor-section-boxed elementor-section-height-default elementor-section-height-default\" data-id=\"4bf80be\" data-element_type=\"section\">\n\t\t\t\t\t\t<div class=\"elementor-container elementor-column-gap-default\">\n\t\t\t\t\t<div class=\"elementor-column elementor-col-100 elementor-top-column elementor-element elementor-element-0407e42\" data-id=\"0407e42\" data-element_type=\"column\">\n\t\t\t<div class=\"elementor-widget-wrap elementor-element-populated\">\n\t\t\t\t\t\t<div class=\"elementor-element elementor-element-ca1f79b elementor-widget elementor-widget-image\" data-id=\"ca1f79b\" data-element_type=\"widget\" data-widget_type=\"image.default\">\n\t\t\t\t<div class=\"elementor-widget-container\">\n\t\t\t\t\t\t\t\t\t\t\t\t\t\t\t<img fetchpriority=\"high\" decoding=\"async\" width=\"800\" height=\"212\" src=\"https:\/\/kendoonline.com.br\/wp-content\/uploads\/2021\/09\/Kendoonline_logo_1000.png\" class=\"attachment-large size-large wp-image-145\" alt=\"\" srcset=\"https:\/\/kendoonline.com.br\/wp-content\/uploads\/2021\/09\/Kendoonline_logo_1000.png 937w, https:\/\/kendoonline.com.br\/wp-content\/uploads\/2021\/09\/Kendoonline_logo_1000-300x79.png 300w, https:\/\/kendoonline.com.br\/wp-content\/uploads\/2021\/09\/Kendoonline_logo_1000-768x203.png 768w, https:\/\/kendoonline.com.br\/wp-content\/uploads\/2021\/09\/Kendoonline_logo_1000-600x159.png 600w\" sizes=\"(max-width: 800px) 100vw, 800px\" \/>\t\t\t\t\t\t\t\t\t\t\t\t\t\t\t<\/div>\n\t\t\t\t<\/div>\n\t\t\t\t\t<\/div>\n\t\t<\/div>\n\t\t\t\t\t<\/div>\n\t\t<\/section>\n\t\t\t\t<section class=\"elementor-section elementor-top-section elementor-element elementor-element-0af9440 elementor-section-boxed elementor-section-height-default elementor-section-height-default\" data-id=\"0af9440\" data-element_type=\"section\">\n\t\t\t\t\t\t<div class=\"elementor-container elementor-column-gap-default\">\n\t\t\t\t\t<div class=\"elementor-column elementor-col-100 elementor-top-column elementor-element elementor-element-9e51378\" data-id=\"9e51378\" data-element_type=\"column\">\n\t\t\t<div class=\"elementor-widget-wrap elementor-element-populated\">\n\t\t\t\t\t\t<div class=\"elementor-element elementor-element-91ed9c3 elementor-widget elementor-widget-text-editor\" data-id=\"91ed9c3\" data-element_type=\"widget\" data-widget_type=\"text-editor.default\">\n\t\t\t\t<div class=\"elementor-widget-container\">\n\t\t\t\t\t\t\t\t\t<p>A Kendoonline \u00e9 uma loja de materiais especializada nos equipamentos de treino para a pr\u00e1tica das artes da espada samurai, o chamado KOBUDO, que incluem Kendo, Kenjutsu, Iaido, Iaijutsu, Jodo, Jojutsu, Naginatajutsu entre outros.<\/p><p>Criada h\u00e1 mais de 20 anos a Kendoonline est\u00e1 sediada em Sorocaba-Brasil e tem como foco central suprir a demanda de materiais necess\u00e1rios \u00e0s atividades do Instituto Niten. Portanto, tamb\u00e9m somos o fornecedor oficial de materiais e vestimentas para o Instituto Niten. Todos os materiais de treino vendidos na KENDOONLINE est\u00e3o certificados pelo Instituto Niten para serem utilizados nos seus treinos, respeitando as devidas limita\u00e7\u00f5es de idade e gradua\u00e7\u00e3o quando houver.<\/p><p>A loja Online funciona primordialmente atrav\u00e9s de venda ONLINE e n\u00e3o possui loja f\u00edsica aberta para o p\u00fablico.<\/p><p>A nossa base operacional se situa em Sorocaba-SP.<\/p><p>Grande parte dos materiais \u00e9 importada e corresponde a n\u00edveis elevados de qualidade e seguran\u00e7a.<\/p><p>Buscando sempre o aprimoramento, tanto na rela\u00e7\u00e3o com nossos clientes e fornecedores, estamos sempre abertos ao feedback de todos.<\/p>\t\t\t\t\t\t\t\t<\/div>\n\t\t\t\t<\/div>\n\t\t\t\t\t<\/div>\n\t\t<\/div>\n\t\t\t\t\t<\/div>\n\t\t<\/section>\n\t\t\t\t<\/div>\n\t\t","protected":false},"excerpt":{"rendered":"<p>A Kendoonline \u00e9 uma loja de materiais especializada nos equipamentos de treino para a pr\u00e1tica das artes da espada samurai, o chamado KOBUDO, que incluem Kendo, Kenjutsu, Iaido, Iaijutsu, Jodo, Jojutsu, Naginatajutsu entre outros. Criada h\u00e1 mais de 20 anos a Kendoonline est\u00e1 sediada em Sorocaba-Brasil e tem como foco central suprir a demanda de [&hellip;]<\/p>\n","protected":false},"author":2,"featured_media":0,"parent":0,"menu_order":0,"comment_status":"closed","ping_status":"closed","template":"","meta":{"footnotes":""},"class_list":["post-128","page","type-page","status-publish","hentry"],"_links":{"self":[{"href":"https:\/\/kendoonline.com.br\/index.php\/wp-json\/wp\/v2\/pages\/128","targetHints":{"allow":["GET"]}}],"collection":[{"href":"https:\/\/kendoonline.com.br\/index.php\/wp-json\/wp\/v2\/pages"}],"about":[{"href":"https:\/\/kendoonline.com.br\/index.php\/wp-json\/wp\/v2\/types\/page"}],"author":[{"embeddable":true,"href":"https:\/\/kendoonline.com.br\/index.php\/wp-json\/wp\/v2\/users\/2"}],"replies":[{"embeddable":true,"href":"https:\/\/kendoonline.com.br\/index.php\/wp-json\/wp\/v2\/comments?post=128"}],"version-history":[{"count":13,"href":"https:\/\/kendoonline.com.br\/index.php\/wp-json\/wp\/v2\/pages\/128\/revisions"}],"predecessor-version":[{"id":11144,"href":"https:\/\/kendoonline.com.br\/index.php\/wp-json\/wp\/v2\/pages\/128\/revisions\/11144"}],"wp:attachment":[{"href":"https:\/\/kendoonline.com.br\/index.php\/wp-json\/wp\/v2\/media?parent=128"}],"curies":[{"name":"wp","href":"https:\/\/api.w.org\/{rel}","templated":true}]}}